{"id":2451,"date":"2021-05-20T13:41:04","date_gmt":"2021-05-20T06:41:04","guid":{"rendered":"http:\/\/192.168.240.63\/?page_id=2451"},"modified":"2021-06-07T16:47:35","modified_gmt":"2021-06-07T09:47:35","slug":"lecturers-4","status":"publish","type":"page","link":"https:\/\/iaf.surat.psu.ac.th\/?page_id=2451","title":{"rendered":"Lecturers"},"content":{"rendered":"\n<div class=\"wp-block-media-text alignwide is-vertically-aligned-top\" style=\"grid-template-columns:21% auto\"><figure class=\"wp-block-media-text__media\"><img loading=\"lazy\" decoding=\"async\" width=\"362\" height=\"552\" src=\"http:\/\/192.168.240.63\/wp-content\/uploads\/2021\/03\/Somwang1-removebg-preview-2.png\" alt=\"\" class=\"wp-image-1780 size-full\"\/><\/figure><div class=\"wp-block-media-text__content\">\n<h4 class=\"has-vivid-green-cyan-color has-text-color wp-block-heading\"><strong><a href=\"https:\/\/scholar.google.com\/citations?user=n_d1e3AAAAAJ&amp;hl=en\" data-type=\"URL\" data-id=\"https:\/\/scholar.google.com\/citations?user=n_d1e3AAAAAJ&amp;hl=en\" target=\"_blank\" rel=\"noreferrer noopener\">\u0e1c\u0e39\u0e49\u0e0a\u0e48\u0e27\u0e22\u0e28\u0e32\u0e2a\u0e15\u0e23\u0e32\u0e08\u0e32\u0e23\u0e22\u0e4c \u0e14\u0e23.\u0e2a\u0e21\u0e2b\u0e27\u0e31\u0e07 \u0e40\u0e25\u0e47\u0e01\u0e08\u0e23\u0e34<\/a><a rel=\"noreferrer noopener\" href=\"https:\/\/scholar.google.com\/citations?user=n_d1e3AAAAAJ&amp;hl=en\" data-type=\"URL\" data-id=\"https:\/\/scholar.google.com\/citations?user=n_d1e3AAAAAJ&amp;hl=en\" target=\"_blank\">\u0e07<\/a><\/strong><\/h4>\n\n\n\n<p><strong><a href=\"https:\/\/scholar.google.com\/citations?user=n_d1e3AAAAAJ&amp;hl=en\" data-type=\"URL\" data-id=\"https:\/\/scholar.google.com\/citations?user=n_d1e3AAAAAJ&amp;hl=en\" target=\"_blank\" rel=\"noreferrer noopener\">Assistant Professor Dr. Somwang Lekjing<\/a><\/strong><\/p>\n\n\n\n<ul class=\"wp-block-list\"><li><strong>\u0e15\u0e33\u0e41\u0e2b\u0e19\u0e48\u0e07 : <\/strong> <strong>Head of Curriculum B.Sc. (Food Technology)<\/strong><\/li><li>E-Mail : somwang.s@psu.ac.th<\/li><li>Tel : 0-7727-8801 \u0e15\u0e48\u0e2d -8602<\/li><li>\u0e27\u0e38\u0e12\u0e34\u0e01\u0e32\u0e23\u0e28\u0e36\u0e01\u0e29\u0e32 :                                                                                                              <strong>\u0e1b\u0e23.\u0e14.<\/strong> (\u0e40\u0e17\u0e04\u0e42\u0e19\u0e42\u0e25\u0e22\u0e35\u0e2d\u0e32\u0e2b\u0e32\u0e23) \u0e21. \u0e2a\u0e07\u0e02\u0e25\u0e32\u0e19\u0e04\u0e23\u0e34\u0e19\u0e17\u0e23\u0e4c                                                                   <strong>\u0e27\u0e17.\u0e1a. <\/strong>(\u0e40\u0e17\u0e04\u0e42\u0e19\u0e42\u0e25\u0e22\u0e35\u0e2d\u0e32\u0e2b\u0e32\u0e23) \u0e21. \u0e27\u0e25\u0e31\u0e22\u0e25\u0e31\u0e01\u0e29\u0e13\u0e4c<\/li><li>\u0e2a\u0e32\u0e02\u0e32\u0e17\u0e35\u0e48\u0e40\u0e0a\u0e35\u0e48\u0e22\u0e27\u0e0a\u0e32\u0e0d\/\u0e07\u0e32\u0e19\u0e27\u0e34\u0e08\u0e31\u0e22 : \u0e40\u0e17\u0e04\u0e42\u0e19\u0e42\u0e25\u0e22\u0e35\u0e01\u0e32\u0e23\u0e41\u0e1b\u0e23\u0e23\u0e39\u0e1b\u0e2d\u0e32\u0e2b\u0e32\u0e23 \u0e40\u0e04\u0e21\u0e35\u0e41\u0e25\u0e30\u0e0a\u0e35\u0e27\u0e40\u0e04\u0e21\u0e35\u0e02\u0e2d\u0e07\u0e2a\u0e31\u0e15\u0e27\u0e4c\u0e41\u0e25\u0e30\u0e2a\u0e31\u0e15\u0e27\u0e4c\u0e19\u0e49\u0e33 \u0e01\u0e32\u0e23\u0e1e\u0e31\u0e12\u0e19\u0e32\u0e1c\u0e25\u0e34\u0e15\u0e20\u0e31\u0e13\u0e11\u0e4c<\/li><\/ul>\n\n\n\n<hr class=\"wp-block-separator has-text-color has-background has-vivid-green-cyan-background-color has-vivid-green-cyan-color is-style-wide\"\/>\n<\/div><\/div>\n\n\n\n<div class=\"wp-block-media-text alignwide is-vertically-aligned-top\" style=\"grid-template-columns:21% auto\"><figure class=\"wp-block-media-text__media\"><img loading=\"lazy\" decoding=\"async\" width=\"340\" height=\"543\" src=\"http:\/\/192.168.240.63\/wp-content\/uploads\/2021\/03\/Karthik-removebg-preview.png\" alt=\"\" class=\"wp-image-1770 size-full\"\/><\/figure><div class=\"wp-block-media-text__content\">\n<h4 class=\"has-vivid-green-cyan-color has-text-color wp-block-heading\"><strong><strong><a href=\"https:\/\/scholar.google.com\/citations?user=iVbB1tcAAAAJ&amp;hl=en&amp;oi=ao\" data-type=\"URL\" data-id=\"https:\/\/scholar.google.com\/citations?user=iVbB1tcAAAAJ&amp;hl=en&amp;oi=ao\" target=\"_blank\" rel=\"noreferrer noopener\"><strong>\u0e23\u0e2d\u0e07\u0e28\u0e32\u0e2a\u0e15\u0e23\u0e32\u0e08\u0e32\u0e23\u0e22\u0e4c \u0e14\u0e23.\u0e04\u0e32\u0e23\u0e4c\u0e17\u0e34\u0e04\u0e40\u0e04\u0e22\u0e31\u0e19<\/strong> <strong>\u0e40\u0e27\u0e19\u0e04\u0e32\u0e15\u0e32\u0e0a\u0e32\u0e25\u0e31\u0e21<\/strong><\/a><\/strong><\/strong><\/h4>\n\n\n\n<p><strong><strong><strong><strong><strong><a href=\"https:\/\/scholar.google.com\/citations?user=iVbB1tcAAAAJ&amp;hl=en&amp;oi=ao\" data-type=\"URL\" data-id=\"https:\/\/scholar.google.com\/citations?user=iVbB1tcAAAAJ&amp;hl=en&amp;oi=ao\" target=\"_blank\" rel=\"noreferrer noopener\">Associate Professor Dr. Karthikeyan Venkatachalam<\/a><\/strong><\/strong><\/strong><\/strong><\/strong><\/p>\n\n\n\n<ul class=\"wp-block-list\"><li>E-Mail : karthikeyan.v@psu.ac.th<\/li><li>Tel : 0-7727-8801 \u0e15\u0e48\u0e2d -8605<\/li><li>\u0e27\u0e38\u0e12\u0e34\u0e01\u0e32\u0e23\u0e28\u0e36\u0e01\u0e29\u0e32 :                                                                                                        <strong>Ph.D. <\/strong>(Food Science and Technology) Prince of Songkla University, Thailand                                                                                                              <strong>M.Sc.<\/strong> (Biochemistry) Bharathiar University, Coimbatore, Tamilnadu, India                                                                                              <strong>B.Sc.<\/strong> (Biochemistry) Periyar University, Salem, Tamilnadu, India                                                                                                                  <\/li><li>\u0e2a\u0e32\u0e02\u0e32\u0e17\u0e35\u0e48\u0e40\u0e0a\u0e35\u0e48\u0e22\u0e27\u0e0a\u0e32\u0e0d\/\u0e07\u0e32\u0e19\u0e27\u0e34\u0e08\u0e31\u0e22 : Post-harvest of fruits,  Chemical and biochemical changes of foods<\/li><\/ul>\n\n\n\n<hr class=\"wp-block-separator has-text-color has-background has-vivid-green-cyan-background-color has-vivid-green-cyan-color is-style-wide\"\/>\n<\/div><\/div>\n\n\n\n<div class=\"wp-block-media-text alignwide is-vertically-aligned-top\" style=\"grid-template-columns:21% auto\"><figure class=\"wp-block-media-text__media\"><img loading=\"lazy\" decoding=\"async\" width=\"343\" height=\"599\" src=\"http:\/\/192.168.240.63\/wp-content\/uploads\/2021\/03\/Chatchawan-removebg-preview.png\" alt=\"\" class=\"wp-image-1771 size-full\"\/><\/figure><div class=\"wp-block-media-text__content\">\n<h4 class=\"has-vivid-green-cyan-color has-text-color wp-block-heading\"><\/h4>\n\n\n\n<p><strong><strong>Assistant Professor Dr.<\/strong> <strong>Chatchawan Chotimakorn<\/strong><\/strong><\/p>\n\n\n\n<ul class=\"wp-block-list\"><li>E-Mail : chatchawan.c@psu.ac.th<\/li><li>Tel : 0-7727-8801<\/li><li>\u0e27\u0e38\u0e12\u0e34\u0e01\u0e32\u0e23\u0e28\u0e36\u0e01\u0e29\u0e32 :                                                                                                              <strong><strong>Ph.D. <\/strong><\/strong>(Food Science and Technology) Tokyo University of Marine Science and Technology, Japan<strong>                                                                     <strong>\u0e27\u0e17.\u0e21.<\/strong> <\/strong>(\u0e1c\u0e25\u0e34\u0e15\u0e20\u0e31\u0e13\u0e11\u0e4c\u0e1b\u0e23\u0e30\u0e21\u0e07) \u0e21. \u0e40\u0e01\u0e29\u0e15\u0e23\u0e28\u0e32\u0e2a\u0e15\u0e23\u0e4c<strong>                                                                <strong>\u0e27\u0e17.\u0e1a.<\/strong> <\/strong>(\u0e40\u0e17\u0e04\u0e42\u0e19\u0e42\u0e25\u0e22\u0e35\u0e01\u0e32\u0e23\u0e2d\u0e32\u0e2b\u0e32\u0e23) \u0e21. \u0e41\u0e21\u0e48\u0e42\u0e08\u0e49<\/li><li>\u0e2a\u0e32\u0e02\u0e32\u0e17\u0e35\u0e48\u0e40\u0e0a\u0e35\u0e48\u0e22\u0e27\u0e0a\u0e32\u0e0d\/\u0e07\u0e32\u0e19\u0e27\u0e34\u0e08\u0e31\u0e22 : \u0e40\u0e04\u0e21\u0e35\u0e2d\u0e32\u0e2b\u0e32\u0e23 \u0e40\u0e04\u0e21\u0e35\u0e41\u0e25\u0e30\u0e0a\u0e35\u0e27\u0e40\u0e04\u0e21\u0e35\u0e02\u0e2d\u0e07\u0e2a\u0e31\u0e15\u0e27\u0e4c\u0e41\u0e25\u0e30\u0e2a\u0e31\u0e15\u0e27\u0e4c\u0e19\u0e49\u0e33 \u0e40\u0e04\u0e21\u0e35\u0e02\u0e2d\u0e07\u0e44\u0e02\u0e21\u0e31\u0e19\u0e41\u0e25\u0e30\u0e19\u0e49\u0e33\u0e21\u0e31\u0e19<\/li><\/ul>\n\n\n\n<hr class=\"wp-block-separator has-text-color has-background has-vivid-green-cyan-background-color has-vivid-green-cyan-color is-style-wide\"\/>\n<\/div><\/div>\n\n\n\n<div class=\"wp-block-media-text alignwide is-vertically-aligned-top\" style=\"grid-template-columns:21% auto\"><figure class=\"wp-block-media-text__media\"><img loading=\"lazy\" decoding=\"async\" width=\"354\" height=\"571\" src=\"http:\/\/192.168.240.63\/wp-content\/uploads\/2021\/03\/Benchamaporn-removebg-preview.png\" alt=\"\" class=\"wp-image-1772 size-full\"\/><\/figure><div class=\"wp-block-media-text__content\">\n<h4 class=\"has-vivid-green-cyan-color has-text-color wp-block-heading\"><\/h4>\n\n\n\n<p><strong><strong><strong>Assistant Professor Dr. Benchamapon Pimpa<\/strong><\/strong><\/strong><\/p>\n\n\n\n<ul class=\"wp-block-list\"><li>E-Mail : benchamapon.p@psu.ac.th<\/li><li>Tel : 0-7727-8801 \u0e15\u0e48\u0e2d -8608<\/li><li>\u0e27\u0e38\u0e12\u0e34\u0e01\u0e32\u0e23\u0e28\u0e36\u0e01\u0e29\u0e32 :                                                                                                        <strong>Ph.D. <\/strong>(Food Technology) Universiti Putra Malaysia, Malaysia <strong>M.Sc. <\/strong>(Food Chemistry and Biochemistry) Universiti Putra Malaysia, Malaysia                                                                                                       <strong>\u0e27\u0e17.\u0e1a. <\/strong>(\u0e2d\u0e38\u0e15\u0e2a\u0e32\u0e2b\u0e01\u0e23\u0e23\u0e21\u0e40\u0e01\u0e29\u0e15\u0e23) \u0e21. \u0e2a\u0e07\u0e02\u0e25\u0e32\u0e19\u0e04\u0e23\u0e34\u0e19\u0e17\u0e23\u0e4c<\/li><li>\u0e2a\u0e32\u0e02\u0e32\u0e17\u0e35\u0e48\u0e40\u0e0a\u0e35\u0e48\u0e22\u0e27\u0e0a\u0e32\u0e0d\/\u0e07\u0e32\u0e19\u0e27\u0e34\u0e08\u0e31\u0e22 : \u0e40\u0e17\u0e04\u0e42\u0e19\u0e42\u0e25\u0e22\u0e35\u0e2d\u0e32\u0e2b\u0e32\u0e23 \u0e23\u0e30\u0e1a\u0e1a\u0e04\u0e38\u0e13\u0e20\u0e32\u0e1e\u0e2d\u0e32\u0e2b\u0e32\u0e23 \u0e04\u0e38\u0e13\u0e20\u0e32\u0e1e\u0e19\u0e49\u0e33\u0e21\u0e31\u0e19\u0e1b\u0e32\u0e25\u0e4c\u0e21\u0e41\u0e25\u0e30\u0e1b\u0e32\u0e25\u0e4c\u0e21\u0e19\u0e49\u0e33\u0e21\u0e31\u0e19 \u0e21\u0e32\u0e15\u0e23\u0e10\u0e32\u0e19\u0e01\u0e32\u0e23\u0e1c\u0e25\u0e34\u0e15\u0e19\u0e49\u0e33\u0e21\u0e31\u0e19\u0e1b\u0e32\u0e25\u0e4c\u0e21\u0e2d\u0e22\u0e48\u0e32\u0e07\u0e22\u0e31\u0e48\u0e07\u0e22\u0e37\u0e19<\/li><\/ul>\n\n\n\n<hr class=\"wp-block-separator has-text-color has-background has-vivid-green-cyan-background-color has-vivid-green-cyan-color is-style-wide\"\/>\n<\/div><\/div>\n\n\n\n<div class=\"wp-block-media-text alignwide is-vertically-aligned-top\" style=\"grid-template-columns:21% auto\"><figure class=\"wp-block-media-text__media\"><img loading=\"lazy\" decoding=\"async\" width=\"390\" height=\"640\" src=\"http:\/\/192.168.240.63\/wp-content\/uploads\/2021\/03\/03_Aj_Paramee-removebg-preview-6.png\" alt=\"\" class=\"wp-image-1804 size-full\"\/><\/figure><div class=\"wp-block-media-text__content\">\n<h4 class=\"has-vivid-green-cyan-color has-text-color wp-block-heading\"><strong><strong><a href=\"https:\/\/scholar.google.com\/citations?user=LT9jlUYAAAAJ&amp;hl=en\" data-type=\"URL\" data-id=\"https:\/\/scholar.google.com\/citations?user=LT9jlUYAAAAJ&amp;hl=en\" target=\"_blank\" rel=\"noreferrer noopener\">\u0e1c\u0e39\u0e49\u0e0a\u0e48\u0e27\u0e22\u0e28\u0e32\u0e2a\u0e15\u0e23\u0e32\u0e08\u0e32\u0e23\u0e22\u0e4c \u0e14\u0e23.\u0e1b\u0e32\u0e23\u0e21\u0e35 \u0e2b\u0e19\u0e39\u0e19\u0e34\u0e48\u0e21<\/a><\/strong><\/strong><\/h4>\n\n\n\n<p><strong><strong><strong><strong><a href=\"https:\/\/scholar.google.com\/citations?user=LT9jlUYAAAAJ&amp;hl=en\" data-type=\"URL\" data-id=\"https:\/\/scholar.google.com\/citations?user=LT9jlUYAAAAJ&amp;hl=en\" target=\"_blank\" rel=\"noreferrer noopener\">Assistant Professor Dr. Paramee Noonim<\/a><\/strong><\/strong><\/strong><\/strong><\/p>\n\n\n\n<ul class=\"wp-block-list\"><li>E-Mail : paramee.n@psu.ac.th<\/li><li>\u0e40\u0e1a\u0e2d\u0e23\u0e4c\u0e42\u0e17\u0e23 : 0-7727-8801 \u0e15\u0e48\u0e2d -8602<\/li><li>\u0e27\u0e38\u0e12\u0e34\u0e01\u0e32\u0e23\u0e28\u0e36\u0e01\u0e29\u0e32 :                                                                                                        <strong>\u0e1b\u0e23.\u0e14.<\/strong> (\u0e27\u0e34\u0e17\u0e22\u0e32\u0e28\u0e32\u0e2a\u0e15\u0e23\u0e4c\u0e01\u0e32\u0e23\u0e2d\u0e32\u0e2b\u0e32\u0e23) \u0e21. \u0e40\u0e01\u0e29\u0e15\u0e23\u0e28\u0e32\u0e2a\u0e15\u0e23\u0e4c                                       <strong>\u0e27\u0e17.\u0e21. <\/strong>(\u0e27\u0e34\u0e17\u0e22\u0e32\u0e28\u0e32\u0e2a\u0e15\u0e23\u0e4c\u0e01\u0e32\u0e23\u0e2d\u0e32\u0e2b\u0e32\u0e23) \u0e21. \u0e40\u0e01\u0e29\u0e15\u0e23\u0e28\u0e32\u0e2a\u0e15\u0e23\u0e4c                                      <strong>\u0e27\u0e17.\u0e1a. <\/strong>(\u0e27\u0e34\u0e17\u0e22\u0e32\u0e28\u0e32\u0e2a\u0e15\u0e23\u0e4c\u0e41\u0e25\u0e30\u0e40\u0e17\u0e04\u0e42\u0e19\u0e42\u0e25\u0e22\u0e35\u0e01\u0e32\u0e23\u0e2d\u0e32\u0e2b\u0e32\u0e23) \u0e21. \u0e18\u0e23\u0e23\u0e21\u0e28\u0e32\u0e2a\u0e15\u0e23\u0e4c<\/li><li>\u0e2a\u0e32\u0e02\u0e32\u0e17\u0e35\u0e48\u0e40\u0e0a\u0e35\u0e48\u0e22\u0e27\u0e0a\u0e32\u0e0d\/\u0e07\u0e32\u0e19\u0e27\u0e34\u0e08\u0e31\u0e22 : \u0e08\u0e38\u0e25\u0e0a\u0e35\u0e27\u0e27\u0e34\u0e17\u0e22\u0e32\u0e2d\u0e32\u0e2b\u0e32\u0e23 \u0e40\u0e0a\u0e37\u0e49\u0e2d\u0e23\u0e32\u0e43\u0e19\u0e2d\u0e32\u0e2b\u0e32\u0e23 \u0e2a\u0e32\u0e23\u0e1e\u0e34\u0e29\u0e08\u0e32\u0e01\u0e40\u0e0a\u0e37\u0e49\u0e2d\u0e23\u0e32 \u0e01\u0e32\u0e23\u0e41\u0e1b\u0e23\u0e23\u0e39\u0e1b\u0e41\u0e25\u0e30\u0e15\u0e23\u0e27\u0e08\u0e2a\u0e2d\u0e1a\u0e04\u0e38\u0e13\u0e20\u0e32\u0e1e\u0e2d\u0e32\u0e2b\u0e32\u0e23 \u0e01\u0e32\u0e23\u0e1e\u0e31\u0e12\u0e19\u0e32\u0e1c\u0e25\u0e34\u0e15\u0e20\u0e31\u0e13\u0e11\u0e4c\u0e2d\u0e32\u0e2b\u0e32\u0e23<\/li><\/ul>\n\n\n\n<hr class=\"wp-block-separator has-text-color has-background has-vivid-green-cyan-background-color has-vivid-green-cyan-color is-style-wide\"\/>\n<\/div><\/div>\n\n\n\n<div class=\"wp-block-media-text alignwide is-vertically-aligned-top\" style=\"grid-template-columns:21% auto\"><figure class=\"wp-block-media-text__media\"><img loading=\"lazy\" decoding=\"async\" width=\"408\" height=\"611\" src=\"http:\/\/192.168.240.63\/wp-content\/uploads\/2021\/03\/Chukwan-removebg-preview-1.png\" alt=\"\" class=\"wp-image-1776 size-full\"\/><\/figure><div class=\"wp-block-media-text__content\">\n<h4 class=\"has-vivid-green-cyan-color has-text-color wp-block-heading\"><\/h4>\n\n\n\n<p><strong><strong><strong><strong><strong><strong>Dr. Chukwan Techakanon<\/strong><\/strong><\/strong><\/strong><\/strong><\/strong><\/p>\n\n\n\n<ul class=\"wp-block-list\"><li>E-Mail : chukwan.t@psu.ac.th<\/li><li>Tel : 0-7727-8801<\/li><li>\u0e27\u0e38\u0e12\u0e34\u0e01\u0e32\u0e23\u0e28\u0e36\u0e01\u0e29\u0e32 :                                                                                                          <strong>Ph.D.<\/strong> (Food Science and Technology) University of California, Davis, USA                                                                                           <strong>Dipl. Ing.<\/strong> (Dipl\u00f4med&#8217;Ing\u00e9nieur) (Food Technology) Institut Sup\u00e9rieur d&#8217;agriculture de Lille, France                                                             <strong>\u0e27\u0e17.\u0e1a. <\/strong>(\u0e40\u0e17\u0e04\u0e42\u0e19\u0e42\u0e25\u0e22\u0e35\u0e0a\u0e35\u0e27\u0e20\u0e32\u0e1e) \u0e21. \u0e40\u0e01\u0e29\u0e15\u0e23\u0e28\u0e32\u0e2a\u0e15\u0e23\u0e4c                                                                                                               <\/li><li>\u0e2a\u0e32\u0e02\u0e32\u0e17\u0e35\u0e48\u0e40\u0e0a\u0e35\u0e48\u0e22\u0e27\u0e0a\u0e32\u0e0d\/\u0e07\u0e32\u0e19\u0e27\u0e34\u0e08\u0e31\u0e22 : \u0e01\u0e23\u0e30\u0e1a\u0e27\u0e19\u0e01\u0e32\u0e23\u0e41\u0e1b\u0e23\u0e23\u0e39\u0e1b\u0e42\u0e14\u0e22\u0e43\u0e0a\u0e49\u0e04\u0e27\u0e32\u0e21\u0e14\u0e31\u0e19\u0e2a\u0e39\u0e07  \u0e01\u0e32\u0e23\u0e1e\u0e31\u0e12\u0e19\u0e32\u0e1c\u0e25\u0e34\u0e15\u0e20\u0e31\u0e13\u0e11\u0e4c  \u0e01\u0e32\u0e23\u0e41\u0e1b\u0e23\u0e23\u0e39\u0e1b\u0e1c\u0e31\u0e01-\u0e1c\u0e25\u0e44\u0e21\u0e49  \u0e01\u0e32\u0e23\u0e2d\u0e2d\u0e01\u0e41\u0e1a\u0e1a\u0e1a\u0e23\u0e23\u0e08\u0e38\u0e20\u0e31\u0e13\u0e11\u0e4c\u0e2d\u0e32\u0e2b\u0e32\u0e23<\/li><\/ul>\n\n\n\n<hr class=\"wp-block-separator has-text-color has-background has-vivid-green-cyan-background-color has-vivid-green-cyan-color is-style-wide\"\/>\n<\/div><\/div>\n\n\n\n<div class=\"wp-block-media-text alignwide is-vertically-aligned-top\" style=\"grid-template-columns:21% auto\"><figure class=\"wp-block-media-text__media\"><img loading=\"lazy\" decoding=\"async\" width=\"365\" height=\"544\" src=\"http:\/\/192.168.240.63\/wp-content\/uploads\/2021\/03\/Teerasak-removebg-preview.png\" alt=\"\" class=\"wp-image-1778 size-full\"\/><\/figure><div class=\"wp-block-media-text__content\">\n<h4 class=\"has-vivid-green-cyan-color has-text-color wp-block-heading\"><\/h4>\n\n\n\n<p><strong>Assistant Professor Dr. Teerasak Punvichai<\/strong><\/p>\n\n\n\n<ul class=\"wp-block-list\"><li>E-Mail : teerasak.punvichai@ahoo.com<\/li><li>Tel : 0-7727-8801<\/li><li>\u0e27\u0e38\u0e12\u0e34\u0e01\u0e32\u0e23\u0e28\u0e36\u0e01\u0e29\u0e32 :                                                                                                                  <strong>Ph.D.<\/strong> (Chemical Engineering) Montpellier University, France <strong>\u0e27\u0e17.\u0e21.<\/strong> (\u0e27\u0e34\u0e17\u0e22\u0e32\u0e01\u0e32\u0e23\u0e2b\u0e25\u0e31\u0e07\u0e01\u0e32\u0e23\u0e40\u0e01\u0e47\u0e1a\u0e40\u0e01\u0e35\u0e48\u0e22\u0e27) \u0e21. \u0e40\u0e0a\u0e35\u0e22\u0e07\u0e43\u0e2b\u0e21\u0e48                                                                <strong>\u0e27\u0e17.\u0e1a. <\/strong>(\u0e27\u0e34\u0e17\u0e22\u0e32\u0e28\u0e32\u0e2a\u0e15\u0e23\u0e4c\u0e41\u0e25\u0e30\u0e40\u0e17\u0e04\u0e42\u0e19\u0e42\u0e25\u0e22\u0e35\u0e2d\u0e32\u0e2b\u0e32\u0e23) \u0e21. \u0e40\u0e01\u0e29\u0e15\u0e23\u0e28\u0e32\u0e2a\u0e15\u0e23\u0e4c                                                                                                          <\/li><li>\u0e2a\u0e32\u0e02\u0e32\u0e17\u0e35\u0e48\u0e40\u0e0a\u0e35\u0e48\u0e22\u0e27\u0e0a\u0e32\u0e0d\/\u0e07\u0e32\u0e19\u0e27\u0e34\u0e08\u0e31\u0e22 : \u0e27\u0e34\u0e17\u0e22\u0e32\u0e01\u0e32\u0e23\u0e2b\u0e25\u0e31\u0e07\u0e01\u0e32\u0e23\u0e40\u0e01\u0e47\u0e1a\u0e40\u0e01\u0e35\u0e48\u0e22\u0e27 \u0e27\u0e34\u0e17\u0e22\u0e32\u0e28\u0e32\u0e2a\u0e15\u0e23\u0e4c\u0e41\u0e25\u0e30\u0e40\u0e17\u0e04\u0e42\u0e19\u0e42\u0e25\u0e22\u0e35\u0e01\u0e32\u0e23\u0e2d\u0e32\u0e2b\u0e32\u0e23 \u0e40\u0e17\u0e04\u0e42\u0e19\u0e42\u0e25\u0e22\u0e35\u0e44\u0e02\u0e21\u0e31\u0e19\u0e19\u0e49\u0e33\u0e21\u0e31\u0e19\u0e41\u0e25\u0e30 \u0e1c\u0e25\u0e34\u0e15\u0e20\u0e31\u0e13\u0e11\u0e4c\u0e42\u0e2d\u0e40\u0e25\u0e42\u0e2d\u0e40\u0e04\u0e21\u0e35<\/li><\/ul>\n\n\n\n<hr class=\"wp-block-separator has-text-color has-background has-vivid-green-cyan-background-color has-vivid-green-cyan-color is-style-wide\"\/>\n<\/div><\/div>\n\n\n\n<div class=\"wp-block-media-text alignwide is-vertically-aligned-top\" style=\"grid-template-columns:21% auto\"><figure class=\"wp-block-media-text__media\"><img loading=\"lazy\" decoding=\"async\" width=\"402\" height=\"543\" src=\"http:\/\/192.168.240.63\/wp-content\/uploads\/2021\/03\/Viboon-removebg-preview.png\" alt=\"\" class=\"wp-image-1779 size-full\"\/><\/figure><div class=\"wp-block-media-text__content\">\n<h4 class=\"has-vivid-green-cyan-color has-text-color wp-block-heading\"><\/h4>\n\n\n\n<p><strong><strong>Dr. Viboon Pongkanpai<\/strong><\/strong><\/p>\n\n\n\n<ul class=\"wp-block-list\"><li>E-Mail : viboon.po@psu.ac.th<\/li><li>Tel : 0-7727-8801 \u0e15\u0e48\u0e2d -8600<\/li><li>\u0e27\u0e38\u0e12\u0e34\u0e01\u0e32\u0e23\u0e28\u0e36\u0e01\u0e29\u0e32 :                                                                                                                  <strong>\u0e1b\u0e23.\u0e14.<\/strong> (\u0e27\u0e34\u0e17\u0e22\u0e32\u0e28\u0e32\u0e2a\u0e15\u0e23\u0e4c\u0e01\u0e32\u0e23\u0e2d\u0e32\u0e2b\u0e32\u0e23) \u0e21. \u0e40\u0e01\u0e29\u0e15\u0e23\u0e28\u0e32\u0e2a\u0e15\u0e23\u0e4c                                                         <strong>\u0e27\u0e17.\u0e21.<\/strong> (\u0e40\u0e17\u0e04\u0e42\u0e19\u0e42\u0e25\u0e22\u0e35\u0e2d\u0e32\u0e2b\u0e32\u0e23) \u0e21. \u0e2a\u0e07\u0e02\u0e25\u0e32\u0e19\u0e04\u0e23\u0e34\u0e19\u0e17\u0e23\u0e4c                                                      <strong>\u0e27\u0e17.\u0e1a. <\/strong>(\u0e2d\u0e38\u0e15\u0e2a\u0e32\u0e2b\u0e01\u0e23\u0e23\u0e21\u0e40\u0e01\u0e29\u0e15\u0e23) \u0e21. \u0e2a\u0e07\u0e02\u0e25\u0e32\u0e19\u0e04\u0e23\u0e34\u0e19\u0e17\u0e23\u0e4c<\/li><li>\u0e2a\u0e32\u0e02\u0e32\u0e17\u0e35\u0e48\u0e40\u0e0a\u0e35\u0e48\u0e22\u0e27\u0e0a\u0e32\u0e0d\/\u0e07\u0e32\u0e19\u0e27\u0e34\u0e08\u0e31\u0e22 : \u0e40\u0e17\u0e04\u0e42\u0e19\u0e42\u0e25\u0e22\u0e35\u0e2d\u0e32\u0e2b\u0e32\u0e23 \u0e01\u0e32\u0e23\u0e1e\u0e31\u0e12\u0e19\u0e32\u0e1c\u0e25\u0e34\u0e15\u0e20\u0e31\u0e13\u0e11\u0e4c \u0e01\u0e32\u0e23\u0e1b\u0e23\u0e30\u0e40\u0e21\u0e34\u0e19\u0e2d\u0e32\u0e22\u0e38\u0e01\u0e32\u0e23\u0e40\u0e01\u0e47\u0e1a\u0e23\u0e31\u0e01\u0e29\u0e32\u0e2d\u0e32\u0e2b\u0e32\u0e23 \u0e2d\u0e32\u0e2b\u0e32\u0e23\u0e1b\u0e25\u0e2d\u0e14\u0e20\u0e31\u0e22<\/li><\/ul>\n\n\n\n<hr class=\"wp-block-separator has-text-color has-background has-vivid-green-cyan-background-color has-vivid-green-cyan-color is-style-wide\"\/>\n<\/div><\/div>\n\n\n\n<h2 class=\"wp-block-heading\"><\/h2>\n\n\n\n<h2 class=\"wp-block-heading\"><\/h2>\n\n\n\n<p><\/p>\n\n\n\n<div class=\"wp-block-group\"><div class=\"wp-block-group__inner-container is-layout-flow wp-block-group-is-layout-flow\">\n<div class=\"wp-block-group is-layout-flow wp-block-group-is-layout-flow\"><div class=\"wp-block-group__inner-container\"><\/div><\/div>\n<\/div><\/div>\n","protected":false},"excerpt":{"rendered":"","protected":false},"author":5,"featured_media":0,"parent":0,"menu_order":0,"comment_status":"closed","ping_status":"closed","template":"","meta":{"pgc_meta":"","site-sidebar-layout":"default","site-content-layout":"","ast-site-content-layout":"","site-content-style":"default","site-sidebar-style":"default","ast-global-header-display":"","ast-banner-title-visibility":"","ast-main-header-display":"","ast-hfb-above-header-display":"","ast-hfb-below-header-display":"","ast-hfb-mobile-header-display":"","site-post-title":"","ast-breadcrumbs-content":"","ast-featured-img":"","footer-sml-layout":"","theme-transparent-header-meta":"","adv-header-id-meta":"","stick-header-meta":"","header-above-stick-meta":"","header-main-stick-meta":"","header-below-stick-meta":"","astra-migrate-meta-layouts":"default","ast-page-background-enabled":"default","ast-page-background-meta":{"desktop":{"background-color":"var(--ast-global-color-5)","background-image":"","background-repeat":"repeat","background-position":"center center","background-size":"auto","background-attachment":"scroll","background-type":"","background-media":"","overlay-type":"","overlay-color":"","overlay-opacity":"","overlay-gradient":""},"tablet":{"background-color":"","background-image":"","background-repeat":"repeat","background-position":"center center","background-size":"auto","background-attachment":"scroll","background-type":"","background-media":"","overlay-type":"","overlay-color":"","overlay-opacity":"","overlay-gradient":""},"mobile":{"background-color":"","background-image":"","background-repeat":"repeat","background-position":"center center","background-size":"auto","background-attachment":"scroll","background-type":"","background-media":"","overlay-type":"","overlay-color":"","overlay-opacity":"","overlay-gradient":""}},"ast-content-background-meta":{"desktop":{"background-color":"var(--ast-global-color-4)","background-image":"","background-repeat":"repeat","background-position":"center center","background-size":"auto","background-attachment":"scroll","background-type":"","background-media":"","overlay-type":"","overlay-color":"","overlay-opacity":"","overlay-gradient":""},"tablet":{"background-color":"var(--ast-global-color-4)","background-image":"","background-repeat":"repeat","background-position":"center center","background-size":"auto","background-attachment":"scroll","background-type":"","background-media":"","overlay-type":"","overlay-color":"","overlay-opacity":"","overlay-gradient":""},"mobile":{"background-color":"var(--ast-global-color-4)","background-image":"","background-repeat":"repeat","background-position":"center center","background-size":"auto","background-attachment":"scroll","background-type":"","background-media":"","overlay-type":"","overlay-color":"","overlay-opacity":"","overlay-gradient":""}},"footnotes":""},"class_list":["post-2451","page","type-page","status-publish","hentry"],"pgc_meta":"","rttpg_featured_image_url":null,"rttpg_author":{"display_name":"PARAMEE NOONIM","author_link":"https:\/\/iaf.surat.psu.ac.th\/?author=5"},"rttpg_comment":0,"rttpg_category":null,"rttpg_excerpt":null,"_links":{"self":[{"href":"https:\/\/iaf.surat.psu.ac.th\/index.php?rest_route=\/wp\/v2\/pages\/2451","targetHints":{"allow":["GET"]}}],"collection":[{"href":"https:\/\/iaf.surat.psu.ac.th\/index.php?rest_route=\/wp\/v2\/pages"}],"about":[{"href":"https:\/\/iaf.surat.psu.ac.th\/index.php?rest_route=\/wp\/v2\/types\/page"}],"author":[{"embeddable":true,"href":"https:\/\/iaf.surat.psu.ac.th\/index.php?rest_route=\/wp\/v2\/users\/5"}],"replies":[{"embeddable":true,"href":"https:\/\/iaf.surat.psu.ac.th\/index.php?rest_route=%2Fwp%2Fv2%2Fcomments&post=2451"}],"version-history":[{"count":3,"href":"https:\/\/iaf.surat.psu.ac.th\/index.php?rest_route=\/wp\/v2\/pages\/2451\/revisions"}],"predecessor-version":[{"id":2620,"href":"https:\/\/iaf.surat.psu.ac.th\/index.php?rest_route=\/wp\/v2\/pages\/2451\/revisions\/2620"}],"wp:attachment":[{"href":"https:\/\/iaf.surat.psu.ac.th\/index.php?rest_route=%2Fwp%2Fv2%2Fmedia&parent=2451"}],"curies":[{"name":"wp","href":"https:\/\/api.w.org\/{rel}","templated":true}]}}